{"id":4270,"date":"2024-11-15T05:45:40","date_gmt":"2024-11-15T05:45:40","guid":{"rendered":"https:\/\/www.gexfix.ch\/others\/products\/"},"modified":"2024-11-19T02:38:58","modified_gmt":"2024-11-19T02:38:58","slug":"produits","status":"publish","type":"page","link":"https:\/\/www.gexfix.ch\/others\/produits\/?lang=fr","title":{"rendered":"Produits"},"content":{"rendered":"\t\t<div data-elementor-type=\"wp-page\" data-elementor-id=\"4270\" class=\"elementor elementor-4270 elementor-3381\">\n\t\t\t\t\t\t<section class=\"elementor-section elementor-top-section elementor-element elementor-element-5de3a1d elementor-section-boxed elementor-section-height-default elementor-section-height-default\" data-id=\"5de3a1d\" data-element_type=\"section\" data-settings=\"{&quot;background_background&quot;:&quot;classic&quot;}\">\n\t\t\t\t\t\t<div class=\"elementor-container elementor-column-gap-default\">\n\t\t\t\t\t<div class=\"elementor-column elementor-col-100 elementor-top-column elementor-element elementor-element-9557d6e\" data-id=\"9557d6e\" data-element_type=\"column\">\n\t\t\t<div class=\"elementor-widget-wrap elementor-element-populated\">\n\t\t\t\t\t\t<div class=\"elementor-element elementor-element-3499846 elementor-widget elementor-widget-spacer\" data-id=\"3499846\" data-element_type=\"widget\" data-widget_type=\"spacer.default\">\n\t\t\t\t<div class=\"elementor-widget-container\">\n\t\t\t\t\t\t\t<div class=\"elementor-spacer\">\n\t\t\t<div class=\"elementor-spacer-inner\"><\/div>\n\t\t<\/div>\n\t\t\t\t\t\t<\/div>\n\t\t\t\t<\/div>\n\t\t\t\t<div class=\"elementor-element elementor-element-c49a658 animated-slow elementor-invisible elementor-widget elementor-widget-text-editor\" data-id=\"c49a658\" data-element_type=\"widget\" data-settings=\"{&quot;_animation&quot;:&quot;fadeInLeft&quot;}\" data-widget_type=\"text-editor.default\">\n\t\t\t\t<div class=\"elementor-widget-container\">\n\t\t\t\t\t\t\t\t\t<div>Produits<\/div>\t\t\t\t\t\t\t\t<\/div>\n\t\t\t\t<\/div>\n\t\t\t\t<div class=\"elementor-element elementor-element-06b3097 elementor-widget elementor-widget-spacer\" data-id=\"06b3097\" data-element_type=\"widget\" data-widget_type=\"spacer.default\">\n\t\t\t\t<div class=\"elementor-widget-container\">\n\t\t\t\t\t\t\t<div class=\"elementor-spacer\">\n\t\t\t<div class=\"elementor-spacer-inner\"><\/div>\n\t\t<\/div>\n\t\t\t\t\t\t<\/div>\n\t\t\t\t<\/div>\n\t\t\t\t\t<\/div>\n\t\t<\/div>\n\t\t\t\t\t<\/div>\n\t\t<\/section>\n\t\t\t\t<section class=\"elementor-section elementor-top-section elementor-element elementor-element-1ad24ac elementor-section-boxed elementor-section-height-default elementor-section-height-default\" data-id=\"1ad24ac\" data-element_type=\"section\">\n\t\t\t\t\t\t<div class=\"elementor-container elementor-column-gap-extended\">\n\t\t\t\t\t<div class=\"elementor-column elementor-col-100 elementor-top-column elementor-element elementor-element-b75560f\" data-id=\"b75560f\" data-element_type=\"column\">\n\t\t\t<div class=\"elementor-widget-wrap elementor-element-populated\">\n\t\t\t\t\t\t<div class=\"elementor-element elementor-element-c82785d elementor-widget elementor-widget-spacer\" data-id=\"c82785d\" data-element_type=\"widget\" data-widget_type=\"spacer.default\">\n\t\t\t\t<div class=\"elementor-widget-container\">\n\t\t\t\t\t\t\t<div class=\"elementor-spacer\">\n\t\t\t<div class=\"elementor-spacer-inner\"><\/div>\n\t\t<\/div>\n\t\t\t\t\t\t<\/div>\n\t\t\t\t<\/div>\n\t\t\t\t<section class=\"elementor-section elementor-inner-section elementor-element elementor-element-c615cc9 elementor-section-full_width elementor-section-height-default elementor-section-height-default\" data-id=\"c615cc9\" data-element_type=\"section\">\n\t\t\t\t\t\t<div class=\"elementor-container elementor-column-gap-no\">\n\t\t\t\t\t<div class=\"elementor-column elementor-col-50 elementor-inner-column elementor-element elementor-element-fe3f406 elementor-hidden-tablet elementor-hidden-mobile animated-slow elementor-invisible\" data-id=\"fe3f406\" data-element_type=\"column\" data-settings=\"{&quot;animation&quot;:&quot;fadeInUp&quot;,&quot;animation_delay&quot;:500}\">\n\t\t\t<div class=\"elementor-widget-wrap elementor-element-populated\">\n\t\t\t\t\t\t<div class=\"elementor-element elementor-element-ce6c240 elementor-widget elementor-widget-sidebar\" data-id=\"ce6c240\" data-element_type=\"widget\" data-widget_type=\"sidebar.default\">\n\t\t\t\t<div class=\"elementor-widget-container\">\n\t\t\t\t\t<aside id=\"nav_menu-2\" class=\"widget_nav_menu\"><div class=\"text-divider\"><h5>Products<\/h5><\/div><div class=\"menu-products-container\"><ul id=\"menu-products\" class=\"menu\"><li id=\"menu-item-3411\" class=\"menu-item menu-item-type-post_type menu-item-object-page menu-item-3411\"><a href=\"https:\/\/www.gexfix.ch\/others\/products\/gex-finger\/\">Gex-Finger<\/a><\/li>\n<li id=\"menu-item-3429\" class=\"menu-item menu-item-type-post_type menu-item-object-page menu-item-3429\"><a href=\"https:\/\/www.gexfix.ch\/others\/products\/minibone\/\">MiniBone<\/a><\/li>\n<li id=\"menu-item-3531\" class=\"menu-item menu-item-type-post_type menu-item-object-page menu-item-3531\"><a href=\"https:\/\/www.gexfix.ch\/others\/products\/minibone-facial\/\">MiniBone facial<\/a><\/li>\n<li id=\"menu-item-3532\" class=\"menu-item menu-item-type-post_type menu-item-object-page menu-item-3532\"><a href=\"https:\/\/www.gexfix.ch\/others\/products\/new-d-o-s-system\/\">New D.O.S. System<\/a><\/li>\n<li id=\"menu-item-3533\" class=\"menu-item menu-item-type-post_type menu-item-object-page menu-item-3533\"><a href=\"https:\/\/www.gexfix.ch\/others\/products\/easy-clip-connectors\/\">Easy-clip Connectors<\/a><\/li>\n<li id=\"menu-item-3534\" class=\"menu-item menu-item-type-post_type menu-item-object-page menu-item-3534\"><a href=\"https:\/\/www.gexfix.ch\/others\/products\/dynamic-fingers-fixation\/\">Dynamic fingers fixation<\/a><\/li>\n<li id=\"menu-item-3535\" class=\"menu-item menu-item-type-post_type menu-item-object-page menu-item-3535\"><a href=\"https:\/\/www.gexfix.ch\/others\/products\/caslau\/\">Caslau<\/a><\/li>\n<li id=\"menu-item-3536\" class=\"menu-item menu-item-type-post_type menu-item-object-page menu-item-3536\"><a href=\"https:\/\/www.gexfix.ch\/others\/products\/the-tension-guide-fixation\/\">The Tension Guide Fixation<\/a><\/li>\n<li id=\"menu-item-3538\" class=\"menu-item menu-item-type-post_type menu-item-object-page menu-item-3538\"><a href=\"https:\/\/www.gexfix.ch\/others\/products\/external-fixes-large\/\">External fixes LARGE<\/a><\/li>\n<li id=\"menu-item-3537\" class=\"menu-item menu-item-type-post_type menu-item-object-page menu-item-3537\"><a href=\"https:\/\/www.gexfix.ch\/others\/products\/external-fixes-small\/\">External fixes SMALL<\/a><\/li>\n<li id=\"menu-item-3539\" class=\"menu-item menu-item-type-post_type menu-item-object-page menu-item-3539\"><a href=\"https:\/\/www.gexfix.ch\/others\/products\/external-fixes-hybrid\/\">External fixes HYBRID<\/a><\/li>\n<li id=\"menu-item-3540\" class=\"menu-item menu-item-type-post_type menu-item-object-page menu-item-3540\"><a href=\"https:\/\/www.gexfix.ch\/others\/products\/box\/\">Box<\/a><\/li>\n<\/ul><\/div><\/aside><aside id=\"custom_html-2\" class=\"widget_text widget_custom_html\"><div class=\"textwidget custom-html-widget\"><br><\/div><\/aside><aside id=\"nav_menu-3\" class=\"widget_nav_menu\"><div class=\"text-divider\"><h5>Certificate<\/h5><\/div><div class=\"menu-certificate-container\"><ul id=\"menu-certificate\" class=\"menu\"><li id=\"menu-item-3648\" class=\"menu-item menu-item-type-custom menu-item-object-custom menu-item-3648\"><a target=\"_blank\" href=\"https:\/\/www.gexfix.ch\/others\/wp-content\/uploads\/2025\/10\/CE.pdf\">CE<\/a><\/li>\n<li id=\"menu-item-3650\" class=\"menu-item menu-item-type-custom menu-item-object-custom menu-item-3650\"><a target=\"_blank\" href=\"https:\/\/www.gexfix.ch\/others\/wp-content\/uploads\/2025\/10\/ISO31485.pdf\">ISO 13485<\/a><\/li>\n<li id=\"menu-item-3651\" class=\"menu-item menu-item-type-custom menu-item-object-custom menu-item-3651\"><a target=\"_blank\" href=\"https:\/\/www.gexfix.ch\/others\/wp-content\/uploads\/2025\/03\/USregistration.pdf\">US certificate of registration<\/a><\/li>\n<li id=\"menu-item-4202\" class=\"menu-item menu-item-type-custom menu-item-object-custom menu-item-4202\"><a target=\"_blank\" href=\"https:\/\/www.gexfix.ch\/others\/wp-content\/uploads\/2025\/10\/ifu.pdf\">IFU<\/a><\/li>\n<\/ul><\/div><\/aside>\t\t\t\t<\/div>\n\t\t\t\t<\/div>\n\t\t\t\t\t<\/div>\n\t\t<\/div>\n\t\t\t\t<div class=\"elementor-column elementor-col-50 elementor-inner-column elementor-element elementor-element-d9cb8b6 animated-slow elementor-invisible\" data-id=\"d9cb8b6\" data-element_type=\"column\" data-settings=\"{&quot;animation&quot;:&quot;fadeInUp&quot;}\">\n\t\t\t<div class=\"elementor-widget-wrap elementor-element-populated\">\n\t\t\t\t\t\t<div class=\"elementor-element elementor-element-54213fa elementor-widget elementor-widget-spacer\" data-id=\"54213fa\" data-element_type=\"widget\" data-widget_type=\"spacer.default\">\n\t\t\t\t<div class=\"elementor-widget-container\">\n\t\t\t\t\t\t\t<div class=\"elementor-spacer\">\n\t\t\t<div class=\"elementor-spacer-inner\"><\/div>\n\t\t<\/div>\n\t\t\t\t\t\t<\/div>\n\t\t\t\t<\/div>\n\t\t\t\t<div class=\"elementor-element elementor-element-0c2e2e7 elementor-widget elementor-widget-heading\" data-id=\"0c2e2e7\" data-element_type=\"widget\" data-widget_type=\"heading.default\">\n\t\t\t\t<div class=\"elementor-widget-container\">\n\t\t\t\t\t<h2 class=\"elementor-heading-title elementor-size-default\">Produits<\/h2>\t\t\t\t<\/div>\n\t\t\t\t<\/div>\n\t\t\t\t<div class=\"elementor-element elementor-element-d46ff9e elementor-widget__width-initial elementor-widget elementor-widget-text-editor\" data-id=\"d46ff9e\" data-element_type=\"widget\" data-widget_type=\"text-editor.default\">\n\t\t\t\t<div class=\"elementor-widget-container\">\n\t\t\t\t\t\t\t\t\t<div id=\"node-24\" class=\"node node-type-page node-by-viewer build-mode-full clearfix\"><div class=\"content\"><p class=\"rtejustify\">Le dispositif Gexfix est un syst\u00e8me de fixation externe pour orthop\u00e9die traumatique de haute technologie l\u00e9ger et radiotransparent. Il a \u00e9t\u00e9 pens\u00e9 et fabriqu\u00e9 de mani\u00e8re \u00e0 permettre son accessibilit\u00e9 \u00e0 un grand nombre d\u2019individus. Il est de fabrication suisse et distribu\u00e9 mondialement.<\/p><p class=\"rtejustify\">\u00a0<\/p><p class=\"rtejustify\">Le fixateur Gexfix permet une totale libert\u00e9 au chirurgien dans l\u2019insertion des PINS, ainsi qu\u2019une facilit\u00e9 d\u2019utilisationoptimale gr\u00e2ce au nombre r\u00e9duit d\u2019ancillaires.<\/p><p class=\"rtejustify\">\u00a0<\/p><p class=\"rtejustify\">Gexfix est propos\u00e9 en :<\/p><p class=\"rtejustify\"><strong>Kit st\u00e9riles :<\/strong> standard et kit st\u00e9riles sur mesures. Le Kit st\u00e9rile permet une gestion rationnelle des stocks des h\u00f4pitaux ainsi qu\u2019une grande visibilit\u00e9 logistique de cout.<\/p><p class=\"rtejustify\">\u00a0<\/p><p class=\"rtejustify\"><strong>Non\u00a0 st\u00e9rile :<\/strong> Le produit est propos\u00e9 en conditionnement multi-composants. Chaque boite permet plusieurs interventions et laisse un maximum de libert\u00e9 au chirurgien pour des interventions d\u00e9licates ou difficiles. Les composants utilis\u00e9s sont ensuite r\u00e9approvisionn\u00e9s pour compl\u00e9ter le set.<\/p><p class=\"rtejustify\">\u00a0<\/p><p class=\"rtejustify\">Le produit est certifi\u00e9 CE par le Gmed et approuv\u00e9 FDA. Grace \u00e0 la qualit\u00e9 de son produit et \u00e0 la responsabilisation des personnes qui travaillent autour du produit, Gexfix n\u2019a jamais eu besoin de recourir \u00e0 aucun rappel de march\u00e9. \u00a0<\/p><\/div><\/div>\t\t\t\t\t\t\t\t<\/div>\n\t\t\t\t<\/div>\n\t\t\t\t\t<\/div>\n\t\t<\/div>\n\t\t\t\t\t<\/div>\n\t\t<\/section>\n\t\t\t\t<div class=\"elementor-element elementor-element-1a4927d elementor-widget elementor-widget-spacer\" data-id=\"1a4927d\" data-element_type=\"widget\" data-widget_type=\"spacer.default\">\n\t\t\t\t<div class=\"elementor-widget-container\">\n\t\t\t\t\t\t\t<div class=\"elementor-spacer\">\n\t\t\t<div class=\"elementor-spacer-inner\"><\/div>\n\t\t<\/div>\n\t\t\t\t\t\t<\/div>\n\t\t\t\t<\/div>\n\t\t\t\t\t<\/div>\n\t\t<\/div>\n\t\t\t\t\t<\/div>\n\t\t<\/section>\n\t\t\t\t<section class=\"elementor-section elementor-top-section elementor-element elementor-element-44b7da4 elementor-section-boxed elementor-section-height-default elementor-section-height-default\" data-id=\"44b7da4\" data-element_type=\"section\">\n\t\t\t\t\t\t<div class=\"elementor-container elementor-column-gap-extended\">\n\t\t\t\t\t<div class=\"elementor-column elementor-col-100 elementor-top-column elementor-element elementor-element-8ac7ada\" data-id=\"8ac7ada\" data-element_type=\"column\">\n\t\t\t<div class=\"elementor-widget-wrap elementor-element-populated\">\n\t\t\t\t\t\t<div class=\"elementor-element elementor-element-12b583b elementor-widget elementor-widget-spacer\" data-id=\"12b583b\" data-element_type=\"widget\" data-widget_type=\"spacer.default\">\n\t\t\t\t<div class=\"elementor-widget-container\">\n\t\t\t\t\t\t\t<div class=\"elementor-spacer\">\n\t\t\t<div class=\"elementor-spacer-inner\"><\/div>\n\t\t<\/div>\n\t\t\t\t\t\t<\/div>\n\t\t\t\t<\/div>\n\t\t\t\t<div class=\"elementor-element elementor-element-f4a9aed elementor-widget elementor-widget-heading\" data-id=\"f4a9aed\" data-element_type=\"widget\" data-widget_type=\"heading.default\">\n\t\t\t\t<div class=\"elementor-widget-container\">\n\t\t\t\t\t<h4 class=\"elementor-heading-title elementor-size-default\">Envoyer un message<\/h4>\t\t\t\t<\/div>\n\t\t\t\t<\/div>\n\t\t\t\t<div class=\"elementor-element elementor-element-99e4e0f elementor-hidden-tablet elementor-hidden-mobile elementor-widget elementor-widget-spacer\" data-id=\"99e4e0f\" data-element_type=\"widget\" data-widget_type=\"spacer.default\">\n\t\t\t\t<div class=\"elementor-widget-container\">\n\t\t\t\t\t\t\t<div class=\"elementor-spacer\">\n\t\t\t<div class=\"elementor-spacer-inner\"><\/div>\n\t\t<\/div>\n\t\t\t\t\t\t<\/div>\n\t\t\t\t<\/div>\n\t\t\t\t\t<\/div>\n\t\t<\/div>\n\t\t\t\t\t<\/div>\n\t\t<\/section>\n\t\t\t\t<section class=\"elementor-section elementor-top-section elementor-element elementor-element-2ce74ed elementor-section-boxed elementor-section-height-default elementor-section-height-default\" data-id=\"2ce74ed\" data-element_type=\"section\">\n\t\t\t\t\t\t<div class=\"elementor-container elementor-column-gap-no\">\n\t\t\t\t\t<div class=\"elementor-column elementor-col-100 elementor-top-column elementor-element elementor-element-3388a90\" data-id=\"3388a90\" data-element_type=\"column\">\n\t\t\t<div class=\"elementor-widget-wrap elementor-element-populated\">\n\t\t\t\t\t\t<section class=\"elementor-section elementor-inner-section elementor-element elementor-element-16359c4 elementor-section-full_width elementor-section-height-default elementor-section-height-default\" data-id=\"16359c4\" data-element_type=\"section\">\n\t\t\t\t\t\t<div class=\"elementor-container elementor-column-gap-extended\">\n\t\t\t\t\t<div class=\"elementor-column elementor-col-50 elementor-inner-column elementor-element elementor-element-d6831b2\" data-id=\"d6831b2\" data-element_type=\"column\">\n\t\t\t<div class=\"elementor-widget-wrap elementor-element-populated\">\n\t\t\t\t\t\t<div class=\"elementor-element elementor-element-2905e60 elementor-widget elementor-widget-text-editor\" data-id=\"2905e60\" data-element_type=\"widget\" data-widget_type=\"text-editor.default\">\n\t\t\t\t<div class=\"elementor-widget-container\">\n\t\t\t\t\t\t\t\t\t<p>Vous pouvez nous laisser un message en utilisant le formulaire de contact ci-dessous.<\/p>\t\t\t\t\t\t\t\t<\/div>\n\t\t\t\t<\/div>\n\t\t\t\t<section class=\"elementor-section elementor-inner-section elementor-element elementor-element-7c002fa elementor-section-full_width elementor-section-height-default elementor-section-height-default\" data-id=\"7c002fa\" data-element_type=\"section\">\n\t\t\t\t\t\t<div class=\"elementor-container elementor-column-gap-no\">\n\t\t\t\t\t<div class=\"elementor-column elementor-col-50 elementor-inner-column elementor-element elementor-element-54aa333\" data-id=\"54aa333\" data-element_type=\"column\">\n\t\t\t<div class=\"elementor-widget-wrap elementor-element-populated\">\n\t\t\t\t\t\t<div class=\"elementor-element elementor-element-0a33cf9 elementor-widget elementor-widget-heading\" data-id=\"0a33cf9\" data-element_type=\"widget\" data-widget_type=\"heading.default\">\n\t\t\t\t<div class=\"elementor-widget-container\">\n\t\t\t\t\t<h4 class=\"elementor-heading-title elementor-size-default\">Gexfix SA:<\/h4>\t\t\t\t<\/div>\n\t\t\t\t<\/div>\n\t\t\t\t<div class=\"elementor-element elementor-element-4a1d001 elementor-widget elementor-widget-text-editor\" data-id=\"4a1d001\" data-element_type=\"widget\" data-widget_type=\"text-editor.default\">\n\t\t\t\t<div class=\"elementor-widget-container\">\n\t\t\t\t\t\t\t\t\t<p>Chemin du Pavillon 2<br \/>1218 Le Grand-Saconnex<br \/>SWITZERLAND<\/p>\t\t\t\t\t\t\t\t<\/div>\n\t\t\t\t<\/div>\n\t\t\t\t\t<\/div>\n\t\t<\/div>\n\t\t\t\t<div class=\"elementor-column elementor-col-50 elementor-inner-column elementor-element elementor-element-0829161\" data-id=\"0829161\" data-element_type=\"column\">\n\t\t\t<div class=\"elementor-widget-wrap elementor-element-populated\">\n\t\t\t\t\t\t<div class=\"elementor-element elementor-element-d0b84af elementor-widget elementor-widget-heading\" data-id=\"d0b84af\" data-element_type=\"widget\" data-widget_type=\"heading.default\">\n\t\t\t\t<div class=\"elementor-widget-container\">\n\t\t\t\t\t<h4 class=\"elementor-heading-title elementor-size-default\">T\u00e9l\u00e9phone:<\/h4>\t\t\t\t<\/div>\n\t\t\t\t<\/div>\n\t\t\t\t<div class=\"elementor-element elementor-element-595d1f7 elementor-widget elementor-widget-text-editor\" data-id=\"595d1f7\" data-element_type=\"widget\" data-widget_type=\"text-editor.default\">\n\t\t\t\t<div class=\"elementor-widget-container\">\n\t\t\t\t\t\t\t\t\tTel:   <a href=\"tel:+41223081670\">+41 22 308 16 70<\/a><br>\nFAX:  +41 22 308 16 79\t\t\t\t\t\t\t\t<\/div>\n\t\t\t\t<\/div>\n\t\t\t\t\t<\/div>\n\t\t<\/div>\n\t\t\t\t\t<\/div>\n\t\t<\/section>\n\t\t\t\t\t<\/div>\n\t\t<\/div>\n\t\t\t\t<div class=\"elementor-column elementor-col-50 elementor-inner-column elementor-element elementor-element-07b247b\" data-id=\"07b247b\" data-element_type=\"column\">\n\t\t\t<div class=\"elementor-widget-wrap elementor-element-populated\">\n\t\t\t\t\t\t<div class=\"elementor-element elementor-element-03795d4 elementor-widget elementor-widget-shortcode\" data-id=\"03795d4\" data-element_type=\"widget\" data-widget_type=\"shortcode.default\">\n\t\t\t\t<div class=\"elementor-widget-container\">\n\t\t\t\t\t\t\t<div class=\"elementor-shortcode\">\n<div class=\"wpcf7 no-js\" id=\"wpcf7-f41-o1\" lang=\"en-US\" dir=\"ltr\" data-wpcf7-id=\"41\">\n<div class=\"screen-reader-response\"><p role=\"status\" aria-live=\"polite\" aria-atomic=\"true\"><\/p> <ul><\/ul><\/div>\n<form action=\"\/others\/wp-json\/wp\/v2\/pages\/4270#wpcf7-f41-o1\" method=\"post\" class=\"wpcf7-form init\" aria-label=\"Contact form\" novalidate=\"novalidate\" data-status=\"init\">\n<fieldset class=\"hidden-fields-container\"><input type=\"hidden\" name=\"_wpcf7\" value=\"41\" \/><input type=\"hidden\" name=\"_wpcf7_version\" value=\"6.1.2\" \/><input type=\"hidden\" name=\"_wpcf7_locale\" value=\"en_US\" \/><input type=\"hidden\" name=\"_wpcf7_unit_tag\" value=\"wpcf7-f41-o1\" \/><input type=\"hidden\" name=\"_wpcf7_container_post\" value=\"0\" \/><input type=\"hidden\" name=\"_wpcf7_posted_data_hash\" value=\"\" \/><input type=\"hidden\" name=\"_wpcf7_recaptcha_response\" value=\"\" \/>\n<\/fieldset>\n<div class=\"row\">\n\t<div class=\"form-group col-6\">\n\t\t<p><span class=\"wpcf7-form-control-wrap\" data-name=\"your-name\"><input size=\"40\" maxlength=\"400\" class=\"wpcf7-form-control wpcf7-text wpcf7-validates-as-required form-control\" aria-required=\"true\" aria-invalid=\"false\" placeholder=\"Name\" value=\"\" type=\"text\" name=\"your-name\" \/><\/span>\n\t\t<\/p>\n\t<\/div>\n\t<div class=\"form-group col-6\">\n\t\t<p><span class=\"wpcf7-form-control-wrap\" data-name=\"your-email\"><input size=\"40\" maxlength=\"400\" class=\"wpcf7-form-control wpcf7-email wpcf7-validates-as-required wpcf7-text wpcf7-validates-as-email form-control\" aria-required=\"true\" aria-invalid=\"false\" placeholder=\"Email\" value=\"\" type=\"email\" name=\"your-email\" \/><\/span>\n\t\t<\/p>\n\t<\/div>\n\t<div class=\"form-group col-12\">\n\t\t<p><span class=\"wpcf7-form-control-wrap\" data-name=\"your-subject\"><input size=\"40\" maxlength=\"400\" class=\"wpcf7-form-control wpcf7-text form-control\" aria-invalid=\"false\" placeholder=\"Title\" value=\"\" type=\"text\" name=\"your-subject\" \/><\/span>\n\t\t<\/p>\n\t<\/div>\n\t<div class=\"form-group col-12\">\n\t\t<p><span class=\"wpcf7-form-control-wrap\" data-name=\"message\"><textarea cols=\"40\" rows=\"10\" maxlength=\"2000\" class=\"wpcf7-form-control wpcf7-textarea form-control\" aria-invalid=\"false\" placeholder=\"Message\" name=\"message\"><\/textarea><\/span>\n\t\t<\/p>\n\t<\/div>\n\t<div class=\"ms-cf--bottom\">\n\t\t<p><input class=\"wpcf7-form-control wpcf7-submit has-spinner btn\" type=\"submit\" value=\"Send\" \/>\n\t\t<\/p>\n\t<\/div>\n<\/div><div class=\"wpcf7-response-output\" aria-hidden=\"true\"><\/div>\n<\/form>\n<\/div>\n<\/div>\n\t\t\t\t\t\t<\/div>\n\t\t\t\t<\/div>\n\t\t\t\t\t<\/div>\n\t\t<\/div>\n\t\t\t\t\t<\/div>\n\t\t<\/section>\n\t\t\t\t<div class=\"elementor-element elementor-element-3829be3 elementor-widget elementor-widget-spacer\" data-id=\"3829be3\" data-element_type=\"widget\" data-widget_type=\"spacer.default\">\n\t\t\t\t<div class=\"elementor-widget-container\">\n\t\t\t\t\t\t\t<div class=\"elementor-spacer\">\n\t\t\t<div class=\"elementor-spacer-inner\"><\/div>\n\t\t<\/div>\n\t\t\t\t\t\t<\/div>\n\t\t\t\t<\/div>\n\t\t\t\t\t<\/div>\n\t\t<\/div>\n\t\t\t\t\t<\/div>\n\t\t<\/section>\n\t\t\t\t<\/div>\n\t\t","protected":false},"excerpt":{"rendered":"<p>Produits Produits Le dispositif Gexfix est un syst\u00e8me de fixation externe pour orthop\u00e9die traumatique de haute technologie l\u00e9ger et radiotransparent. Il a \u00e9t\u00e9 pens\u00e9 [&hellip;]<\/p>\n","protected":false},"author":1,"featured_media":0,"parent":0,"menu_order":0,"comment_status":"closed","ping_status":"closed","template":"page-custom.php","meta":{"footnotes":""},"class_list":["post-4270","page","type-page","status-publish","hentry"],"_links":{"self":[{"href":"https:\/\/www.gexfix.ch\/others\/wp-json\/wp\/v2\/pages\/4270","targetHints":{"allow":["GET"]}}],"collection":[{"href":"https:\/\/www.gexfix.ch\/others\/wp-json\/wp\/v2\/pages"}],"about":[{"href":"https:\/\/www.gexfix.ch\/others\/wp-json\/wp\/v2\/types\/page"}],"author":[{"embeddable":true,"href":"https:\/\/www.gexfix.ch\/others\/wp-json\/wp\/v2\/users\/1"}],"replies":[{"embeddable":true,"href":"https:\/\/www.gexfix.ch\/others\/wp-json\/wp\/v2\/comments?post=4270"}],"version-history":[{"count":5,"href":"https:\/\/www.gexfix.ch\/others\/wp-json\/wp\/v2\/pages\/4270\/revisions"}],"predecessor-version":[{"id":4281,"href":"https:\/\/www.gexfix.ch\/others\/wp-json\/wp\/v2\/pages\/4270\/revisions\/4281"}],"wp:attachment":[{"href":"https:\/\/www.gexfix.ch\/others\/wp-json\/wp\/v2\/media?parent=4270"}],"curies":[{"name":"wp","href":"https:\/\/api.w.org\/{rel}","templated":true}]}}