{"id":4218,"date":"2022-10-27T16:19:17","date_gmt":"2022-10-27T15:19:17","guid":{"rendered":"https:\/\/www.gexfix.ch\/others\/patients\/"},"modified":"2024-11-19T01:50:07","modified_gmt":"2024-11-19T01:50:07","slug":"los-pacientes","status":"publish","type":"page","link":"https:\/\/www.gexfix.ch\/others\/los-pacientes\/?lang=es","title":{"rendered":"Los pacientes"},"content":{"rendered":"\t\t<div data-elementor-type=\"wp-page\" data-elementor-id=\"4218\" class=\"elementor elementor-4218 elementor-2419\">\n\t\t\t\t\t\t<section class=\"elementor-section elementor-top-section elementor-element elementor-element-e6fbb07 elementor-section-full_width elementor-section-height-default elementor-section-height-default\" data-id=\"e6fbb07\" data-element_type=\"section\">\n\t\t\t\t\t\t<div class=\"elementor-container elementor-column-gap-no\">\n\t\t\t\t\t<div class=\"elementor-column elementor-col-100 elementor-top-column elementor-element elementor-element-eafc035\" data-id=\"eafc035\" data-element_type=\"column\">\n\t\t\t<div class=\"elementor-widget-wrap elementor-element-populated\">\n\t\t\t\t\t\t<div class=\"elementor-element elementor-element-ac9ae69 elementor-widget elementor-widget-ms-hero\" data-id=\"ac9ae69\" data-element_type=\"widget\" data-widget_type=\"ms-hero.default\">\n\t\t\t\t<div class=\"elementor-widget-container\">\n\t\t\t\t\t\r\n        <section class=\"ms-hero\" id=\"ac9ae69\">\r\n\r\n            \r\n                            <div class=\"ms-parallax\" data-speed=\"0.7\" data-type=\"scroll\">\r\n                                            <img decoding=\"async\" class=\"jarallax-img\" src=\"https:\/\/theme.madsparrow.me\/most\/wp-content\/uploads\/2022\/11\/stock-photo-1040234435.jpg\" alt=\"\">\r\n                                                        <\/div>\r\n            \r\n            \r\n                \r\n                    <div class=\"ms-hc\">\r\n                        <div class=\"ms-hc--inner\">\r\n                                                                                        <p class=\"ms-hero-subtitle\">Informaci\u00f3n para los pacientes<\/p>\r\n                                                    <\/div>\r\n                    <\/div>\r\n\r\n                \r\n                \r\n            \r\n        <\/section>\r\n\r\n    \t\t\t\t<\/div>\n\t\t\t\t<\/div>\n\t\t\t\t<div class=\"elementor-element elementor-element-9823756 elementor-widget elementor-widget-spacer\" data-id=\"9823756\" data-element_type=\"widget\" data-widget_type=\"spacer.default\">\n\t\t\t\t<div class=\"elementor-widget-container\">\n\t\t\t\t\t\t\t<div class=\"elementor-spacer\">\n\t\t\t<div class=\"elementor-spacer-inner\"><\/div>\n\t\t<\/div>\n\t\t\t\t\t\t<\/div>\n\t\t\t\t<\/div>\n\t\t\t\t\t<\/div>\n\t\t<\/div>\n\t\t\t\t\t<\/div>\n\t\t<\/section>\n\t\t\t\t<section class=\"elementor-section elementor-top-section elementor-element elementor-element-d68a50f elementor-section-boxed elementor-section-height-default elementor-section-height-default\" data-id=\"d68a50f\" data-element_type=\"section\">\n\t\t\t\t\t\t<div class=\"elementor-container elementor-column-gap-no\">\n\t\t\t\t\t<div class=\"elementor-column elementor-col-100 elementor-top-column elementor-element elementor-element-fb73872\" data-id=\"fb73872\" data-element_type=\"column\">\n\t\t\t<div class=\"elementor-widget-wrap elementor-element-populated\">\n\t\t\t\t\t\t<div class=\"elementor-element elementor-element-2b0ce7d elementor-widget elementor-widget-spacer\" data-id=\"2b0ce7d\" data-element_type=\"widget\" data-widget_type=\"spacer.default\">\n\t\t\t\t<div class=\"elementor-widget-container\">\n\t\t\t\t\t\t\t<div class=\"elementor-spacer\">\n\t\t\t<div class=\"elementor-spacer-inner\"><\/div>\n\t\t<\/div>\n\t\t\t\t\t\t<\/div>\n\t\t\t\t<\/div>\n\t\t\t\t<section class=\"elementor-section elementor-inner-section elementor-element elementor-element-a03c8d5 elementor-section-boxed elementor-section-height-default elementor-section-height-default\" data-id=\"a03c8d5\" data-element_type=\"section\">\n\t\t\t\t\t\t<div class=\"elementor-container elementor-column-gap-default\">\n\t\t\t\t\t<div class=\"elementor-column elementor-col-50 elementor-inner-column elementor-element elementor-element-e088c3e animated-slow elementor-invisible\" data-id=\"e088c3e\" data-element_type=\"column\" data-settings=\"{&quot;animation&quot;:&quot;fadeInUp&quot;,&quot;animation_delay&quot;:500}\">\n\t\t\t<div class=\"elementor-widget-wrap elementor-element-populated\">\n\t\t\t\t\t\t<div class=\"elementor-element elementor-element-56075b7 elementor-widget elementor-widget-heading\" data-id=\"56075b7\" data-element_type=\"widget\" data-widget_type=\"heading.default\">\n\t\t\t\t<div class=\"elementor-widget-container\">\n\t\t\t\t\t<h2 class=\"elementor-heading-title elementor-size-default\">Folleto descriptivo de las ventajas \/ inconvenientes del fijador externo con relaci\u00f3n a otros tipos de tratamiento<\/h2>\t\t\t\t<\/div>\n\t\t\t\t<\/div>\n\t\t\t\t\t<\/div>\n\t\t<\/div>\n\t\t\t\t<div class=\"elementor-column elementor-col-50 elementor-inner-column elementor-element elementor-element-79baf55 animated-slow elementor-invisible\" data-id=\"79baf55\" data-element_type=\"column\" data-settings=\"{&quot;animation&quot;:&quot;fadeInUp&quot;}\">\n\t\t\t<div class=\"elementor-widget-wrap elementor-element-populated\">\n\t\t\t\t\t\t<div class=\"elementor-element elementor-element-67bf85a elementor-widget elementor-widget-text-editor\" data-id=\"67bf85a\" data-element_type=\"widget\" data-widget_type=\"text-editor.default\">\n\t\t\t\t<div class=\"elementor-widget-container\">\n\t\t\t\t\t\t\t\t\t<p>El fijador externo presenta algunas <strong>ventajas<\/strong> para el paciente en relaci\u00f3n con los sistemas de fijaci\u00f3n internos como las placas o los clavos.<\/p><p>En primer lugar, es una t\u00e9cnica miniinvasiva cuya aplicaci\u00f3n es simple y relativamente r\u00e1pida. Esta t\u00e9cnica presenta adem\u00e1s un menor riesgo de infecci\u00f3n.<\/p><p>\u00a0<\/p><p>En segundo lugar, su retirada se efect\u00faa en ambulatorio lo que permite evitar una ulterior intervenci\u00f3n quir\u00fargica importante.<\/p><p>En tercer lugar, el fijador externo permite, en la mayor parte de los casos, una movilidad precoz de las articulaciones adyacentes a la fractura.<\/p><p>\u00a0<\/p><p>Desde un punto de vista m\u00e9dico, el fijador externo favorece los micromovimientos a nivel de la fractura (contrariamente a las placas) lo que permite una mejor vascularizaci\u00f3n del foco de fractura y una formaci\u00f3n del callo \u00f3seo m\u00e1s r\u00e1pida y de mejor calidad.<\/p><p>\u00a0<\/p><p>Algunas pr\u00e1cticas m\u00e9dicas preconizan el uso del fijador de manera temporal, los primeros d\u00edas despu\u00e9s del trauma, con vistas a permitir que el edema se reabsorba para poder as\u00ed decidir mejor cual es el tratamiento m\u00e1s apropiado.<\/p><p>\u00a0<\/p><p>Desde un punto de vista global, es una t\u00e9cnica r\u00e1pida, simple y segura que recurre en escasa medida a la asistencia de dispositivos complejos. Todo ello disminuye el tiempo de intervenci\u00f3n y por lo tanto el coste final para el paciente.<\/p><p>Como cualquier otra t\u00e9cnica, presenta tambi\u00e9n algunos <strong>inconvenientes<\/strong>: material voluminoso durante la duraci\u00f3n del tratamiento. Las infecciones son posibles a pesar de todo y se recomienda al paciente seguir las instrucciones de curas prescritas por su m\u00e9dico. El dispositivo puede estar tambi\u00e9n contraindicado en algunos casos como, por ejemplo, en el caso de osteoporosis. Para m\u00e1s amplias informaciones, consulte con su especialista.<\/p><p>\u00a0<\/p><p>Para mejorar su confort, GEXFIX ha desarrollado un fijador ligero y radiotransparente gracias a sus materiales t\u00e9cnicos de alta calidad como las fibras de carbono.<\/p>\t\t\t\t\t\t\t\t<\/div>\n\t\t\t\t<\/div>\n\t\t\t\t<div class=\"elementor-element elementor-element-9eebc00 elementor-widget elementor-widget-spacer\" data-id=\"9eebc00\" data-element_type=\"widget\" data-widget_type=\"spacer.default\">\n\t\t\t\t<div class=\"elementor-widget-container\">\n\t\t\t\t\t\t\t<div class=\"elementor-spacer\">\n\t\t\t<div class=\"elementor-spacer-inner\"><\/div>\n\t\t<\/div>\n\t\t\t\t\t\t<\/div>\n\t\t\t\t<\/div>\n\t\t\t\t\t<\/div>\n\t\t<\/div>\n\t\t\t\t\t<\/div>\n\t\t<\/section>\n\t\t\t\t\t<\/div>\n\t\t<\/div>\n\t\t\t\t\t<\/div>\n\t\t<\/section>\n\t\t\t\t<\/div>\n\t\t","protected":false},"excerpt":{"rendered":"<p>Informaci\u00f3n para los pacientes Folleto descriptivo de las ventajas \/ inconvenientes del fijador externo con relaci\u00f3n a otros tipos de tratamiento El fijador externo [&hellip;]<\/p>\n","protected":false},"author":1,"featured_media":0,"parent":0,"menu_order":0,"comment_status":"closed","ping_status":"closed","template":"page-custom.php","meta":{"footnotes":""},"class_list":["post-4218","page","type-page","status-publish","hentry"],"_links":{"self":[{"href":"https:\/\/www.gexfix.ch\/others\/wp-json\/wp\/v2\/pages\/4218","targetHints":{"allow":["GET"]}}],"collection":[{"href":"https:\/\/www.gexfix.ch\/others\/wp-json\/wp\/v2\/pages"}],"about":[{"href":"https:\/\/www.gexfix.ch\/others\/wp-json\/wp\/v2\/types\/page"}],"author":[{"embeddable":true,"href":"https:\/\/www.gexfix.ch\/others\/wp-json\/wp\/v2\/users\/1"}],"replies":[{"embeddable":true,"href":"https:\/\/www.gexfix.ch\/others\/wp-json\/wp\/v2\/comments?post=4218"}],"version-history":[{"count":5,"href":"https:\/\/www.gexfix.ch\/others\/wp-json\/wp\/v2\/pages\/4218\/revisions"}],"predecessor-version":[{"id":4236,"href":"https:\/\/www.gexfix.ch\/others\/wp-json\/wp\/v2\/pages\/4218\/revisions\/4236"}],"wp:attachment":[{"href":"https:\/\/www.gexfix.ch\/others\/wp-json\/wp\/v2\/media?parent=4218"}],"curies":[{"name":"wp","href":"https:\/\/api.w.org\/{rel}","templated":true}]}}