{"id":4216,"date":"2022-10-27T16:19:17","date_gmt":"2022-10-27T15:19:17","guid":{"rendered":"https:\/\/www.gexfix.ch\/others\/patients\/"},"modified":"2024-11-19T01:45:33","modified_gmt":"2024-11-19T01:45:33","slug":"patienten","status":"publish","type":"page","link":"https:\/\/www.gexfix.ch\/others\/patienten\/?lang=de","title":{"rendered":"Patienten"},"content":{"rendered":"\t\t<div data-elementor-type=\"wp-page\" data-elementor-id=\"4216\" class=\"elementor elementor-4216 elementor-2419\">\n\t\t\t\t\t\t<section class=\"elementor-section elementor-top-section elementor-element elementor-element-e6fbb07 elementor-section-full_width elementor-section-height-default elementor-section-height-default\" data-id=\"e6fbb07\" data-element_type=\"section\">\n\t\t\t\t\t\t<div class=\"elementor-container elementor-column-gap-no\">\n\t\t\t\t\t<div class=\"elementor-column elementor-col-100 elementor-top-column elementor-element elementor-element-eafc035\" data-id=\"eafc035\" data-element_type=\"column\">\n\t\t\t<div class=\"elementor-widget-wrap elementor-element-populated\">\n\t\t\t\t\t\t<div class=\"elementor-element elementor-element-ac9ae69 elementor-widget elementor-widget-ms-hero\" data-id=\"ac9ae69\" data-element_type=\"widget\" data-widget_type=\"ms-hero.default\">\n\t\t\t\t<div class=\"elementor-widget-container\">\n\t\t\t\t\t\r\n        <section class=\"ms-hero\" id=\"ac9ae69\">\r\n\r\n            \r\n                            <div class=\"ms-parallax\" data-speed=\"0.7\" data-type=\"scroll\">\r\n                                            <img decoding=\"async\" class=\"jarallax-img\" src=\"https:\/\/theme.madsparrow.me\/most\/wp-content\/uploads\/2022\/11\/stock-photo-1040234435.jpg\" alt=\"\">\r\n                                                        <\/div>\r\n            \r\n            \r\n                \r\n                    <div class=\"ms-hc\">\r\n                        <div class=\"ms-hc--inner\">\r\n                                                                                        <p class=\"ms-hero-subtitle\">Informationen f\u00fcr Patienten<\/p>\r\n                                                    <\/div>\r\n                    <\/div>\r\n\r\n                \r\n                \r\n            \r\n        <\/section>\r\n\r\n    \t\t\t\t<\/div>\n\t\t\t\t<\/div>\n\t\t\t\t<div class=\"elementor-element elementor-element-9823756 elementor-widget elementor-widget-spacer\" data-id=\"9823756\" data-element_type=\"widget\" data-widget_type=\"spacer.default\">\n\t\t\t\t<div class=\"elementor-widget-container\">\n\t\t\t\t\t\t\t<div class=\"elementor-spacer\">\n\t\t\t<div class=\"elementor-spacer-inner\"><\/div>\n\t\t<\/div>\n\t\t\t\t\t\t<\/div>\n\t\t\t\t<\/div>\n\t\t\t\t\t<\/div>\n\t\t<\/div>\n\t\t\t\t\t<\/div>\n\t\t<\/section>\n\t\t\t\t<section class=\"elementor-section elementor-top-section elementor-element elementor-element-d68a50f elementor-section-boxed elementor-section-height-default elementor-section-height-default\" data-id=\"d68a50f\" data-element_type=\"section\">\n\t\t\t\t\t\t<div class=\"elementor-container elementor-column-gap-no\">\n\t\t\t\t\t<div class=\"elementor-column elementor-col-100 elementor-top-column elementor-element elementor-element-fb73872\" data-id=\"fb73872\" data-element_type=\"column\">\n\t\t\t<div class=\"elementor-widget-wrap elementor-element-populated\">\n\t\t\t\t\t\t<div class=\"elementor-element elementor-element-2b0ce7d elementor-widget elementor-widget-spacer\" data-id=\"2b0ce7d\" data-element_type=\"widget\" data-widget_type=\"spacer.default\">\n\t\t\t\t<div class=\"elementor-widget-container\">\n\t\t\t\t\t\t\t<div class=\"elementor-spacer\">\n\t\t\t<div class=\"elementor-spacer-inner\"><\/div>\n\t\t<\/div>\n\t\t\t\t\t\t<\/div>\n\t\t\t\t<\/div>\n\t\t\t\t<section class=\"elementor-section elementor-inner-section elementor-element elementor-element-a03c8d5 elementor-section-boxed elementor-section-height-default elementor-section-height-default\" data-id=\"a03c8d5\" data-element_type=\"section\">\n\t\t\t\t\t\t<div class=\"elementor-container elementor-column-gap-default\">\n\t\t\t\t\t<div class=\"elementor-column elementor-col-50 elementor-inner-column elementor-element elementor-element-e088c3e animated-slow elementor-invisible\" data-id=\"e088c3e\" data-element_type=\"column\" data-settings=\"{&quot;animation&quot;:&quot;fadeInUp&quot;,&quot;animation_delay&quot;:500}\">\n\t\t\t<div class=\"elementor-widget-wrap elementor-element-populated\">\n\t\t\t\t\t\t<div class=\"elementor-element elementor-element-56075b7 elementor-widget elementor-widget-heading\" data-id=\"56075b7\" data-element_type=\"widget\" data-widget_type=\"heading.default\">\n\t\t\t\t<div class=\"elementor-widget-container\">\n\t\t\t\t\t<h2 class=\"elementor-heading-title elementor-size-default\">Vor- und Nachteile der externen Fixierung gegen\u00fcber anderen Behandlungsarten<\/h2>\t\t\t\t<\/div>\n\t\t\t\t<\/div>\n\t\t\t\t\t<\/div>\n\t\t<\/div>\n\t\t\t\t<div class=\"elementor-column elementor-col-50 elementor-inner-column elementor-element elementor-element-79baf55 animated-slow elementor-invisible\" data-id=\"79baf55\" data-element_type=\"column\" data-settings=\"{&quot;animation&quot;:&quot;fadeInUp&quot;}\">\n\t\t\t<div class=\"elementor-widget-wrap elementor-element-populated\">\n\t\t\t\t\t\t<div class=\"elementor-element elementor-element-67bf85a elementor-widget elementor-widget-text-editor\" data-id=\"67bf85a\" data-element_type=\"widget\" data-widget_type=\"text-editor.default\">\n\t\t\t\t<div class=\"elementor-widget-container\">\n\t\t\t\t\t\t\t\t\t<p>Im Vergleich zu internen Fixierungen wie Platten oder N\u00e4gel bietet die externe Fixierung dem Patienten ganz bestimmte <strong>Vorteile<\/strong>.<\/p>\n<p>\u00a0<\/p>\n<p>Zun\u00e4chst handelt es sich um eine minimal invasive Technik, die einfach und relativ schnell ist. Sie birgt weniger Gefahren einer Infektion. Zweitens wird sie ambulant entfernt, so dass ein sp\u00e4terer grosser chirurgischer Eingriff vermieden werden kann. Drittens erlaubt die externe Fixierung in den meisten F\u00e4llen eine fr\u00fchzeitige Mobilisierung der an den Bruch angrenzenden Gelenke.<\/p>\n<p>\u00a0<\/p>\n<p>Aus medizinischer Sicht beg\u00fcnstigt die externe Fixierung die Mikrobewegungen im Bereich der Fraktur (im Gegensatz zu Platten), was eine bessere Vaskularisierung der Bruchstelle und eine schnellere und hochwertigere Bildung von Knochengewebe erm\u00f6glicht.<\/p>\n<p>\u00a0<\/p>\n<p>Bestimmte medizinische F\u00e4lle legen den Einsatz einer tempor\u00e4ren Fixierung f\u00fcr die ersten Tage nach der<\/p>\n<p>Verletzung nahe, damit sich das \u00d6dem zur\u00fcckbilden und danach die richtige Behandlung ausgew\u00e4hlt werden kann.<\/p>\n<p>\u00a0<\/p>\n<p>Allgemein gesehen handelt es sich um eine schnelle, einfache und bew\u00e4hrte Methode, die fast ohne Hilfe von komplexen Vorrichtungen mobilisiert. Dies verringert die Behandlungszeiten und damit letztendlich die Kosten f\u00fcr den Patienten.<\/p>\n<p>\u00a0<\/p>\n<p>Wie jede Technik hat die externe Fixierung aber auch ein paar <strong>Nachteile<\/strong>: Die f\u00fcr die Behandlung eingesetzte Vorrichtung ist sperrig. Es kann trotz allem zu Infektionen kommen. Dem Patienten wird daher empfohlen, sich genau an die Anweisungen des Arztes zu halten. Die Vorrichtung kann in bestimmten F\u00e4llen kontraindiziert sein, zum Beispiel bei Osteoporose. Mehr Informationen erhalten von Ihrem Spezialisten.<\/p>\n<p>\u00a0<\/p>\n<p>Um Ihnen noch mehr Komfort zu bieten, hat GEXIFX mit seinen hochentwickelten und erstklassigen Materialien wie beispielsweise Carbonfasern eine leichte und strahlendurchl\u00e4ssige Fixierung entwickelt.<\/p>\t\t\t\t\t\t\t\t<\/div>\n\t\t\t\t<\/div>\n\t\t\t\t<div class=\"elementor-element elementor-element-9eebc00 elementor-widget elementor-widget-spacer\" data-id=\"9eebc00\" data-element_type=\"widget\" data-widget_type=\"spacer.default\">\n\t\t\t\t<div class=\"elementor-widget-container\">\n\t\t\t\t\t\t\t<div class=\"elementor-spacer\">\n\t\t\t<div class=\"elementor-spacer-inner\"><\/div>\n\t\t<\/div>\n\t\t\t\t\t\t<\/div>\n\t\t\t\t<\/div>\n\t\t\t\t\t<\/div>\n\t\t<\/div>\n\t\t\t\t\t<\/div>\n\t\t<\/section>\n\t\t\t\t\t<\/div>\n\t\t<\/div>\n\t\t\t\t\t<\/div>\n\t\t<\/section>\n\t\t\t\t<\/div>\n\t\t","protected":false},"excerpt":{"rendered":"<p>Informationen f\u00fcr Patienten Vor- und Nachteile der externen Fixierung gegen\u00fcber anderen Behandlungsarten Im Vergleich zu internen Fixierungen wie Platten oder N\u00e4gel bietet die externe [&hellip;]<\/p>\n","protected":false},"author":1,"featured_media":0,"parent":0,"menu_order":0,"comment_status":"closed","ping_status":"closed","template":"page-custom.php","meta":{"footnotes":""},"class_list":["post-4216","page","type-page","status-publish","hentry"],"_links":{"self":[{"href":"https:\/\/www.gexfix.ch\/others\/wp-json\/wp\/v2\/pages\/4216","targetHints":{"allow":["GET"]}}],"collection":[{"href":"https:\/\/www.gexfix.ch\/others\/wp-json\/wp\/v2\/pages"}],"about":[{"href":"https:\/\/www.gexfix.ch\/others\/wp-json\/wp\/v2\/types\/page"}],"author":[{"embeddable":true,"href":"https:\/\/www.gexfix.ch\/others\/wp-json\/wp\/v2\/users\/1"}],"replies":[{"embeddable":true,"href":"https:\/\/www.gexfix.ch\/others\/wp-json\/wp\/v2\/comments?post=4216"}],"version-history":[{"count":6,"href":"https:\/\/www.gexfix.ch\/others\/wp-json\/wp\/v2\/pages\/4216\/revisions"}],"predecessor-version":[{"id":4230,"href":"https:\/\/www.gexfix.ch\/others\/wp-json\/wp\/v2\/pages\/4216\/revisions\/4230"}],"wp:attachment":[{"href":"https:\/\/www.gexfix.ch\/others\/wp-json\/wp\/v2\/media?parent=4216"}],"curies":[{"name":"wp","href":"https:\/\/api.w.org\/{rel}","templated":true}]}}